{"id":4154,"date":"2024-03-19T10:26:39","date_gmt":"2024-03-19T08:26:39","guid":{"rendered":"https:\/\/www.diamant.gg\/?post_type=product&#038;p=4154"},"modified":"2024-03-19T12:13:38","modified_gmt":"2024-03-19T10:13:38","slug":"kapa-s-siltom-diamant-esport-crna","status":"publish","type":"product","link":"https:\/\/www.diamant.gg\/sl\/izdelek\/kapa-s-siltom-diamant-esport-crna\/","title":{"rendered":"Kapa s \u0161iltom &#8211; Diamant Esport, \u010drna"},"content":{"rendered":"<p>Si tudi vi radi ogledate kak\u0161no napeto tekmovanje najbolj\u0161ih v e\u0161portu?<\/p>\n<p>Ne, ra\u010dunalni\u0161ke igre \u017ee nekaj \u010dasa niso ve\u010d potrata \u010dasa, kar dokazujejo tudi uspehi slovenske ekipe Diamant Esports, ki se dnevno dokazuje na posameznih mednarodnih tekmovanjih in osvaja \u017elahtne naslove ter na\u0161a srca.<\/p>\n<p><img loading=\"lazy\" decoding=\"async\" class=\"\" src=\"https:\/\/klub.t-2.net\/cms\/files\/t-2-klub\/userfiles\/IMG-e83c17acd380b3f3de5f56ea3626017a-V.jpg\" width=\"554\" height=\"370\" \/><\/p>\n<p>Za za\u0161\u010dito pred soncem in izkaz va\u0161e podpore novi obliki \u0161porta ter ekipi Diamant Esports, je najbolj\u0161a izbira kapa s \u0161iltom.<\/p>","protected":false},"excerpt":{"rendered":"<p>Si tudi vi radi ogledate kak\u0161no napeto tekmovanje najbolj\u0161ih v e\u0161portu? Ne, ra\u010dunalni\u0161ke igre \u017ee nekaj \u010dasa niso ve\u010d potrata \u010dasa, kar dokazujejo tudi uspehi slovenske ekipe Diamant Esports, ki se dnevno dokazuje na posameznih mednarodnih tekmovanjih in osvaja \u017elahtne naslove ter na\u0161a srca. Za za\u0161\u010dito pred soncem in izkaz va\u0161e podpore novi obliki \u0161porta ter ekipi Diamant Esports, je najbolj\u0161a izbira kapa s \u0161iltom.<\/p>","protected":false},"featured_media":4157,"template":"","meta":{"_seopress_robots_primary_cat":"none"},"product_cat":[102],"product_tag":[103,104,101,105],"class_list":["post-4154","product","type-product","status-publish","has-post-thumbnail","hentry","product_cat-cap","product_tag-cap","product_tag-diamant-cap","product_tag-diamant-esports","product_tag-head"],"_links":{"self":[{"href":"https:\/\/www.diamant.gg\/sl\/wp-json\/wp\/v2\/product\/4154","targetHints":{"allow":["GET"]}}],"collection":[{"href":"https:\/\/www.diamant.gg\/sl\/wp-json\/wp\/v2\/product"}],"about":[{"href":"https:\/\/www.diamant.gg\/sl\/wp-json\/wp\/v2\/types\/product"}],"version-history":[{"count":0,"href":"https:\/\/www.diamant.gg\/sl\/wp-json\/wp\/v2\/product\/4154\/revisions"}],"wp:featuredmedia":[{"embeddable":true,"href":"https:\/\/www.diamant.gg\/sl\/wp-json\/wp\/v2\/media\/4157"}],"wp:attachment":[{"href":"https:\/\/www.diamant.gg\/sl\/wp-json\/wp\/v2\/media?parent=4154"}],"wp:term":[{"taxonomy":"product_cat","embeddable":true,"href":"https:\/\/www.diamant.gg\/sl\/wp-json\/wp\/v2\/product_cat?post=4154"},{"taxonomy":"product_tag","embeddable":true,"href":"https:\/\/www.diamant.gg\/sl\/wp-json\/wp\/v2\/product_tag?post=4154"}],"curies":[{"name":"wp","href":"https:\/\/api.w.org\/{rel}","templated":true}]}}