{"id":3,"date":"2023-02-09T17:08:30","date_gmt":"2023-02-09T17:08:30","guid":{"rendered":"https:\/\/ivh10.si\/word\/?page_id=3"},"modified":"2025-05-21T12:01:18","modified_gmt":"2025-05-21T10:01:18","slug":"privacy-policy","status":"publish","type":"page","link":"https:\/\/www.diamant.gg\/sl\/privacy-policy\/","title":{"rendered":"Privacy Policy"},"content":{"rendered":"<p>(Razli\u010dica 1.0; 1.1.2025)<\/p>\n\n\n\n<p>DIAMANT ESPORTS d. o. o. se zaveda pomena varstva zasebnosti posameznikov, uporabnikov spletne strani <a href=\"https:\/\/www.diamant.gg\/sl\/\">https:\/\/www.diamant.gg\/sl\/<\/a>. Obdelava podatkov poteka na podlagi sprejetih Splo\u0161nih pogojev poslovanja DIAMANT ESPORTS (v nadaljevanju: Splo\u0161ni pogoji) ter te Politike o zasebnosti.<\/p>\n\n\n\n<p>Pri uporabi na\u0161e spletne strani si prizadevamo, da se po\u010dutite prijetno in varno, ter da na\u0161e ukrepe za varovanje podatkov prepoznate kot odgovorne. Zagotavljamo, da smo zaupanja vreden upravljavec osebnih podatkov, ki se zaveda pomembnosti varovanja zasebnosti. Varnost va\u0161ih podatkov pred morebitnimi kr\u0161itvami zagotavljamo tudi z ustreznim razvojem in uporabo naprednih informacijskih tehnologij.<\/p>\n\n\n\n<p>Ta Politika o zasebnosti je pripravljena v skladu z zahtevami Uredbe (EU) 2016\/679 Evropskega parlamenta in Sveta z dne 27. Aprila 2016 o varstvu posameznikov pri obdelavi osebnih podatkov in prostem pretoku takih podatkov ter o razveljavitvi Direktive 95\/46\/ES (GDPR).<\/p>\n\n\n\n<p>V tem dokumentu je opisano, kako se zbirajo in nadalje obdelujejo osebni podatki, vezani na uporabo spletne strani, vklju\u010dno v primeru nakupa izdelkov preko spletne trgovine na povezavi <a href=\"https:\/\/www.diamant.gg\/sl\/shop\/\">https:\/\/www.diamant.gg\/sl\/shop\/<\/a>. Prav tako pove, katere pravice lahko uveljavljate v zvezi z osebnimi podatki in kako lahko kontaktirate upravljavca.<\/p>\n\n\n\n<p>S sprejemanjem Splo\u0161nih pogojev in tega dokumenta ter brskanjem po spletni strani <a href=\"https:\/\/www.diamant.gg\/sl\/\">https:\/\/www.diamant.gg\/sl\/<\/a>, sogla\u0161ate z zbiranjem, uporabo, obdelavo, shranjevanjem in razkritjem podatkov v skladu s to Politiko o zasebnosti.<\/p>\n\n\n\n<p>Osebne podatke, ki jih zbiramo, uporabljamo, obdelujemo in shranjujemo, uporabljamo le za namen delovanja spletne strani <a href=\"https:\/\/www.diamant.gg\/sl\/\">https:\/\/www.diamant.gg\/sl\/<\/a> in za izvajanje dejavnosti spletne trgovine povezavi <a href=\"https:\/\/www.diamant.gg\/sl\/shop\/\">https:\/\/www.diamant.gg\/sl\/shop\/<\/a>. Va\u0161ih osebnih podatkov ne bomo uporabljali, delili ali razkrivali tretjim osebam, razen kot je opisano v tej Politiki o zasebnosti.<\/p>\n\n\n\n<p><\/p>\n\n\n\n<h2 class=\"wp-block-heading\"><strong>1. PODATKI O UPRAVLJAVCU<\/strong><\/h2>\n\n\n\n<p>Va\u0161e osebne podatke zbira in obdeluje:<\/p>\n\n\n\n<p>DIAMANT ESPORTS, dru\u017eba za razvoj in tr\u017eenje elektronskih \u0161portov, d. o. o.<\/p>\n\n\n\n<p>Sede\u017e: Verov\u0161kova ulica 64A, Ljubljana, 1000 Ljubljana,<\/p>\n\n\n\n<p>Mati\u010dna \u0161tevilka: 9049398000,<\/p>\n\n\n\n<p>ID za DDV: 60327154<\/p>\n\n\n\n<p><br>Zahteve v zvezi z va\u0161imi pravicami na podro\u010dju varstva osebnih podatkov, prito\u017ebe ali vpra\u0161anja s tega podro\u010dja nam lahko posredujete na na\u0161 naslov:&nbsp;DIAMANT ESPORTS, d. o. o., Verov\u0161kova ulica 64A, Ljubljana, 1000 Ljubljana, ali na na\u0161 elektronski naslov <a href=\"mailto:info@diamant.gg\">info@diamant.gg<\/a>.<\/p>\n\n\n\n<h2 class=\"wp-block-heading\"><strong>2. KATEGORIJE POSAMEZNIKOV, KATERIH OSEBNI PODATKI SE OBDELUJEJO<\/strong><\/h2>\n\n\n\n<p>Ta Politika o zasebnosti je namenjena obve\u0161\u010danju naslednjih kategorij posameznikov:<\/p>\n\n\n\n<ul class=\"wp-block-list\">\n<li>obiskovalci spletne strani <a href=\"https:\/\/www.diamant.gg\/sl\/\">https:\/\/www.diamant.gg\/sl\/<\/a> ,<\/li>\n\n\n\n<li>kupci, ki kupijo izdelke preko spletne strani <a href=\"https:\/\/www.diamant.gg\/sl\/shop\/\">https:\/\/www.diamant.gg\/sl\/shop\/<\/a>,<\/li>\n\n\n\n<li>udele\u017eenci nagradnih iger, katerih organizator je DIAMANT ESPORTS d. o. o.,<\/li>\n\n\n\n<li>posamezniki, ki ste DIAMANT ESPORTS d. o. o. podali soglasje za tr\u017eenje.<\/li>\n<\/ul>\n\n\n\n<h2 class=\"wp-block-heading\"><strong>3. PRAVNE PODLAGE, NAMENI OBDELAVE, VRSTE OSEBNIH PODATKOV IN ROKI HRAMBE<\/strong><\/h2>\n\n\n\n<p><strong>3.1. Pravne podlage<\/strong><\/p>\n\n\n\n<p>Va\u0161e osebne podatke obdelujemo na naslednjih pravnih podlagah:<\/p>\n\n\n\n<p>&#8211; na podlagi na\u0161ega zakonitega interesa (\u010dlen 6 (1f) GDPR): osebne podatke obiskovalcev spletnih strani <a href=\"https:\/\/www.diamant.gg\/sl\/\">https:\/\/www.diamant.gg\/sl\/<\/a>, ki se obdelujejo preko obveznih pi\u0161kotkov (zakoniti interes predstavlja: varnost omre\u017eja in informacij),<\/p>\n\n\n\n<p>&#8211; na podlagi soglasja (\u010dlen 6 (1a) GDPR:<\/p>\n\n\n\n<p>* osebne podatke obiskovalcev spletnih strani <a href=\"https:\/\/www.diamant.gg\/sl\/\">https:\/\/www.diamant.gg\/sl\/<\/a>, ki se obdelujejo preko opcijskih pi\u0161kotkov,<\/p>\n\n\n\n<p>* osebne podatke udele\u017eencev nagradnih iger,<\/p>\n\n\n\n<p>* osebne podatke posameznikov, ki so podali soglasje za tr\u017eenje,<\/p>\n\n\n\n<p>&#8211; na podlagi pogodbe (\u010dlen &nbsp;6 (1b) GDPR): osebne podatke kupcev, ki kupijo izdelke preko spletne trgovine na povezavi <a href=\"https:\/\/www.diamant.gg\/sl\/shop\/\">https:\/\/www.diamant.gg\/sl\/shop\/<\/a>.<\/p>\n\n\n\n<p><\/p>\n\n\n\n<p><strong>3.2. Nameni obdelave<\/strong><\/p>\n\n\n\n<p><a>Obdelava podatkov se izvaja za izpolnjevanje naslednjih namenov, in sicer:<\/a><\/p>\n\n\n\n<p>&#8211; brskanje po spletni strani <a href=\"https:\/\/www.diamant.gg\/sl\/\">https:\/\/www.diamant.gg\/sl\/<\/a>: za ta namen se obdelujejo osebni podatki obiskovalcev spletnih strani <a href=\"https:\/\/www.diamant.gg\/sl\/\">https:\/\/www.diamant.gg\/sl\/<\/a> in<\/p>\n\n\n\n<p>&#8211; izvedba nakupa izdelkov preko spletne trgovine na povezavi <a href=\"https:\/\/www.diamant.gg\/sl\/shop\/\">https:\/\/www.diamant.gg\/sl\/shop\/<\/a> (izdelava naro\u010dila, sklenitev kupoprodajne pogodbe za izdelek, posredovanje elektronskih sporo\u010dil, vezanih na nakup, izvedba kupoprodajne pogodbe &#8211; dostava, pla\u010dilo kupnine, reklamacije): za ta namen se obdelujejo osebni podatki kupcev izdelkov,<\/p>\n\n\n\n<p>&#8211; izvedba nagradne igre ali promocijske akcije, obve\u0161\u010danje nagrajencev o rezultatu \u017erebanja in podelitvi nagrad, objava nagrajencev na spletni strani nagradne igre in dru\u017ebenih omre\u017ejih upravljavca in zaradi dav\u010dnih razlogov: za ta namen se obdelujejo osebni podatki udele\u017eencev nagradnih iger,<\/p>\n\n\n\n<p>&#8211; izvajanje tr\u017eenja: za ta namen se obdelujejo osebni podatki posameznikov, ki so podali soglasje za tr\u017eenje. Tr\u017eenje vklju\u010duje obve\u0161\u010danje o nagradnih igrah, dogodkih, aktualni ponudbi izdelkov iz spletne trgovine upravljavca. Tr\u017eenje se lahko izvaja preko ve\u010d poti, in sicer preko navadne po\u0161te, e-po\u0161te, SMS \/ MMS, telefonskih klicev, aplikacij (npr. Viber) ali naprednega spletnega ogla\u0161evanja oziroma preko socialnih medijev, vse ob upo\u0161tevanju zakonskih omejitev.<\/p>\n\n\n\n<p><strong>3.3. Vrste osebnih podatkov<\/strong><\/p>\n\n\n\n<p>Obdelujemo lahko naslednje osebne podatke:<\/p>\n\n\n\n<ul class=\"wp-block-list\">\n<li>o obiskovalcih spletne strani <a href=\"https:\/\/www.diamant.gg\/sl\/\">https:\/\/www.diamant.gg\/sl\/<\/a>: podatki o obisku spletne strani (IP \u0161tevilka naprave, preko katere obiskovalec brska po spletni strani; ura in trajanje obiskov spletne strani, podatek o lokaciji oziroma vstopni to\u010dki dostopa do interneta, vsebina zahteve (konkretna stran), status dostopa, vsakokratna koli\u010dina prenesenih podatkov, brskalnik, vrsta operacijskega sistema, podatki o obiskanih podstraneh, podatki o nastavitvah). Navedene osebne podatke zbiramo preko pi\u0161kotkov. Ve\u010d o politiki pi\u0161kotkov si lahko preberete v obvestilu o pi\u0161kotkih na sami spletni strani.<\/li>\n\n\n\n<li>o kupcih izdelkov preko spletne trgovine na povezavi <a href=\"https:\/\/www.diamant.gg\/sl\/shop\/\">https:\/\/www.diamant.gg\/sl\/shop\/<\/a>:<\/li>\n\n\n\n<li>splo\u0161ni podatki o nakupu: ime in priimek, va\u0161 naslov (ulica, hi\u0161na \u0161tevilka, mesto, po\u0161tna \u0161tevilka, \u0161t. stanovanja, dr\u017eava), naslov e-po\u0161te, telefonska \u0161tevilka, vnosi v ko\u0161arico, na\u010din prevzema in dostave, na\u010din pla\u010dila, datum naro\u010dila, vsebina naro\u010dila, potrditev naro\u010dila, dostave in pla\u010dila kupnine,<\/li>\n\n\n\n<li>podatki o pla\u010dilu: praviloma se hrani v sistemu \u00bbtoken\u00ab, ime imetnika, zadnje 4 \u0161tevilke kartice, datum veljavnosti, vrsta pla\u010dilne kartice (npr. MASTERCARD, MAESTRO, VISA, ipd.), banka, ki je izdala kartico, lokacija pla\u010dila,<\/li>\n\n\n\n<li>podatki o podanih reklamacijah in zahtevkih, vezanih na obdelavo osebnih podatkov.\u00a0<\/li>\n\n\n\n<li>o udele\u017eencih nagradnih iger: ime, priimek, naslov stalnega\/za\u010dasnega prebivali\u0161\u010da, telefonska \u0161tevilka, elektronski naslov, dav\u010dna \u0161tevilka in izpostava (v primeru, da je potrebna za odvedbo DDV), morebitna fotografija, ki je nastala v \u010dasu prejema ali kori\u0161\u010denja nagrade.<\/li>\n\n\n\n<li>o posameznikih, ki so podali soglasje za tr\u017eenje: Ime, priimek, elektronski naslov, naslov, telefonska \u0161tevilka,<\/li>\n<\/ul>\n\n\n\n<p><strong>3.4. Hramba<\/strong><\/p>\n\n\n\n<p>Osebni podatki o obiskovalcih spletnih strani se hranijo skladno s politiko o pi\u0161kotkih, ki je objavljena na <a href=\"https:\/\/www.diamant.gg\/sl\/cookie-policy-eu\/\">https:\/\/www.diamant.gg\/cookie-policy-eu\/<\/a><\/p>\n\n\n\n<p>Osebni podatki kupcev izdelkov se hranijo:<\/p>\n\n\n\n<ul class=\"wp-block-list\">\n<li>skladno s predpisi na podro\u010dju davkov in ra\u010dunovodenja: 10 let,<\/li>\n\n\n\n<li>podatki, ki se obdelujejo za izvedbo pogodbenega odnosa (v skladu s sprejetimi Splo\u0161nimi pogoji), se hranijo za obdobje, ki je potrebno za izvr\u0161itev pogodbe in \u0161e ves \u010das, ko traja zakonski zastaralni rok za zahtevke iz tako sklenjene pogodbe (5 let po zaklju\u010dku nakupa).<\/li>\n<\/ul>\n\n\n\n<p>Osebni podatki, ki jih pridobimo v okviru nagradnih iger ali promocijskih akcij se hranijo do zaklju\u010dka nagradne igre oziroma promocijske akcije oziroma \u0161e deset let po koncu nagradne igre ali promocijske akcije, v kolikor gre za podatke nagrajenca.<\/p>\n\n\n\n<p>Za namen izvajanja tr\u017eenja se osebni podatki hranijo dokler je podano soglasje za tr\u017eenje.<\/p>\n\n\n\n<p>V primeru spora se \u010das hrambe osebnih podatkov podalj\u0161a do trenutka, ko je spor pravnomo\u010dno kon\u010dan.<\/p>\n\n\n\n<h2 class=\"wp-block-heading\"><strong>4. OMEJITVE POSREDOVANJA OSEBNIH PODATKOV<\/strong><\/h2>\n\n\n\n<p>Upravljavec osebnih podatkov posameznikov, brez soglasja posameznika, ki je lastnik dolo\u010denih osebnih podatkov, ob odsotnosti druge podlage, ne bo posredoval nepoobla\u0161\u010denim osebam. V kolikor upravljavec posamezno obdelavo osebnih podatkov izvaja preko pogodbenih obdelovalcev, je slednjim obdelava omogo\u010dena zgolj v obsegu, ki je nujno potreben za izvedbo storitve, ki jo pogodbeni obdelovalec izvaja za upravljavca. S pogodbenimi obdelovalci vedno sklenemo ustrezno pogodbo o obdelavi podatkov, s katero jih zave\u017eemo k enaki ali vi\u0161ji stopnji varnosti va\u0161ih podatkov. Zunanji izvajalci va\u0161ih osebnih podatkov ne obdelujejo za lastne namene. Dr\u017eavnim organom bomo razkrili va\u0161e podatke zgolj v skladu z zakonskimi obveznostmi ali na uradno zahtevo oziroma na zahtevo sodi\u0161\u010da, in to zgolj v tolik\u0161ni meri, kot to dovoljuje zakonodaja o varstvu podatkov.<\/p>\n\n\n\n<p>V kolikor kupec za na\u010din pla\u010dila izbere kreditno kartico, obdelavo prejetih pla\u010dil opravi Stripe kot samostojni upravljavec. Ob obdelavi tovrstnih pla\u010dil upravljavec ne hrani nobenih osebnih podatkov ali kakr\u0161nih koli finan\u010dnih podatkov, kot so npr. \u0161tevilke kreditnih kartic. Tak\u0161ne informacije prejme neposredno Stripe. Njihov pravilnik o zasebnosti, ki ureja uporabo osebnih podatkov, si lahko ogledate na <a href=\"https:\/\/stripe.com\/nz\/privacy\" target=\"_blank\" rel=\"noreferrer noopener\">https:\/\/stripe.com\/nz\/privacy<\/a>. Stripe je certificiran za ponudnika storitev PCI Level 1, najstro\u017ejo raven certificiranja.<\/p>\n\n\n\n<p>Izbiramo izvajalce znotraj Evropske unije (EU). Izjemoma se lahko podatki prenesejo v tretje dr\u017eave ob uporabi Stripe (<a href=\"https:\/\/stripe.com\/en-gb-si\/privacy\">https:\/\/stripe.com\/en-gb-si\/privacy<\/a>.). Naveden izvajalec zagotavlja skladnost z zakonodajo EU in uvedbo&nbsp; ustreznih za\u0161\u010ditnih ukrepov &#8211; Standardnih pogodbenih klavzul EU &#8211; tipske pogodbe Evropske Unije (https:\/\/ec.europa.eu\/info\/law\/law-topic\/data-protection\/international-dimension-data-protection\/standard-contractual-clauses-scc\/standard-contractual-clauses-international-transfers_en) z dodatki v predmetni pogodbi o obdelavi osebnih podatkov.<\/p>\n\n\n\n<p><\/p>\n\n\n\n<h2 class=\"wp-block-heading\"><strong>5. VA\u0160E PRAVICE<\/strong><\/h2>\n\n\n\n<p>Posamezniki lahko od upravljavca zahtevate dostop do osebnih podatkov, popravek, izbris ali omejitev obdelave va\u0161ih osebnih podatkov, lahko ugovarjate obdelavi in zahtevate prenos va\u0161ih osebnih podatkov. Pravico uveljavljate s pisno zahtevo, ki jo posredujete na naslov sede\u017ea DIAMANT ESPORTS d.&nbsp; o. o. oziroma preko elektronske po\u0161te na naslov <a href=\"mailto:info@diamant.gg\">info@diamant.gg<\/a>. O va\u0161i zahtevi bomo odlo\u010dili v enem mesecu po prejemu va\u0161e zahteve. V primeru zapletenosti in ve\u010djega \u0161tevila zahtev lahko rok podalj\u0161amo za najve\u010d dva dodatna meseca, o \u010demer boste obve\u0161\u010deni. Kadar zahtevo predlo\u017eite z elektronskimi sredstvi, vam informacije, kadar je mogo\u010de, zagotovimo z elektronskimi sredstvi, razen \u010de ne zahtevate druga\u010de.<\/p>\n\n\n\n<p>Kadar so zahteve posameznika, na katerega se nana\u0161ajo osebni podatki, o\u010ditno neutemeljene ali pretirane, zlasti ker se ponavljajo, lahko upravljavec: (a) zara\u010duna razumno pristojbino, pri \u010demer upo\u0161teva upravne stro\u0161ke posredovanja informacij ali sporo\u010dila ali izvajanja zahtevanega ukrepa, ali (b) zavrne ukrepanje v zvezi z zahtevo.<\/p>\n\n\n\n<p><strong>Pravica do seznanitve:<\/strong> Vedno imate pravico do seznanitve ali se v zvezi z vami obdelujejo osebni podatki in kadar je temu tako, dostop do osebnih podatkov in naslednje informacije: (a) namene obdelave; (b) vrste zadevnih osebnih podatkov; (c) uporabnike ali kategorije uporabnika, ki so jim bili ali jim bodo razkriti osebni podatki, zlasti uporabnike v tretjih dr\u017eavah ali mednarodnih organizacijah; (d) kadar je mogo\u010de, predvideno obdobje hrambe osebnih podatkov ali, \u010de to ni mogo\u010de, merila, ki se uporabijo za dolo\u010ditev tega obdobja; (e) obstoj pravice, da se od upravljavca zahteva popravek ali izbris osebnih podatkov ali omejitev obdelave osebnih podatkov v zvezi vami, ali obstoj pravice do ugovora taki obdelavi; (f) pravico do vlo\u017eitve prito\u017ebe pri nadzornem organu; (g) kadar osebni podatki niso zbrani od vas, vse razpolo\u017eljive informacije v zvezi z njihovim virom; (h) obstoj avtomatiziranega sprejemanja odlo\u010ditev, vklju\u010dno z oblikovanjem profilov, ter vsaj v takih primerih smiselne informacije o razlogih zanj, kot tudi pomen in predvidene posledice take obdelave za vas kot posameznika.<\/p>\n\n\n\n<p><strong>Pravica do popravka<\/strong>: Pravico imate, da v skladu z va\u0161o zahtevo popravimo neto\u010dne osebne podatke v zvezi z vami ter ob upo\u0161tevanju namenov obdelave, pravico do dopolnitve nepopolnih osebnih podatkov.<\/p>\n\n\n\n<p><strong>Pravica do izbrisa: <\/strong>Pravico imate dose\u010di, da va\u0161e osebne podatke izbri\u0161emo, kadar velja eden od naslednjih razlogov: (a) osebni podatki niso ve\u010d potrebni za namene, za katere so bili zbrani ali kako druga\u010de obdelani; (b) kadar prekli\u010dete privolitev, na podlagi katere poteka obdelava in kadar za obdelavo ne obstaja nobena druga pravna podlaga; (c) kadar obdelavi ugovarjate, za njihovo obdelavo pa ne obstajajo nobeni prevladujo\u010di zakoniti razlogi; (d) osebni podatki so bili obdelani nezakonito.<\/p>\n\n\n\n<p><strong>Pravica do omejitve obdelave: <\/strong>Pravico imate dose\u010di, da omejimo obdelavo va\u0161ih osebnih podatkov, kadar velja en od naslednjih primerov: (a) kadar oporekate to\u010dnosti podatkov, in sicer za obdobje, ki nam omogo\u010da preveriti to\u010dnost osebnih podatkov; (b) je obdelava nezakonita, vi pa nasprotujete izbrisu osebnih podatkov ter namesto tega zahtevate omejitev njihove uporabe; (c) va\u0161ih osebnih podatkov ne potrebujemo ve\u010d za namene obdelave, temve\u010d jih vi potrebujete za uveljavljanje, izvajanje ali obrambo pravnih zahtevkov; (d) \u010de ste vlo\u017eili ugovor v zvezi z obdelavo, ki temelji na zakonitih interesih upravljavca, dokler se ne preveri, ali na\u0161i zakoniti razlogi prevladajo nad va\u0161imi razlogi.<\/p>\n\n\n\n<p>Kadar je bila obdelava va\u0161ih osebnih podatkov omejena v skladu s prej\u0161njim odstavkom, se taki osebni podatki z izjemo njihovega shranjevanja obdelujejo le z va\u0161o privolitvijo, ali za uveljavljanje, izvajanje ali obrambo pravnih zahtevkov ali zaradi varstva pravic druge fizi\u010dne ali pravne osebe.&nbsp;<\/p>\n\n\n\n<p>Pred preklicem omejitve obdelave va\u0161ih osebnih podatkov smo vas o tem dol\u017eni obvestiti.<\/p>\n\n\n\n<p><strong>Pravica do prenosljivosti podatkov: <\/strong>Pravico imate, da prejmete va\u0161e osebne podatke, ki ste nam jih posredovali, v strukturirani, splo\u0161no uporabljani in strojno berljivi obliki, in pravico, da te podatke posredujete drugemu upravljavcu, kadar obdelava temelji na va\u0161i privolitvi ali se obdelava izvaja z avtomatiziranimi sredstvi. Na va\u0161o zahtevo, kadar je to tehni\u010dno izvedljivo, se lahko osebni podatki neposredno prenesejo k drugemu upravljavcu.<\/p>\n\n\n\n<p><strong>Pravica do ugovora: <\/strong>Kadar va\u0161e podatke obdelujemo na podlagi zakonitega interesa za namene tr\u017eenja, vklju\u010dno z oblikovanjem profilov, lahko taki obdelavi kadarkoli ugovarjate.<\/p>\n\n\n\n<p><strong>Pravica do vlo\u017eitve prito\u017ebe pri Informacijskem poobla\u0161\u010dencu<\/strong>: V kolikor o va\u0161i zahtevi ne odlo\u010dimo v zakonskem roku ali va\u0161o zahtevo zavrnemo, imate mo\u017enost vlo\u017eitve prito\u017ebe pri Informacijskem poobla\u0161\u010dencu.<strong><\/strong><\/p>\n\n\n\n<h2 class=\"wp-block-heading\"><strong>6. UKREPI ZA ZAVAROVANJE PODATKOV<\/strong><\/h2>\n\n\n\n<p>Sprejeli smo tudi ustrezne tehni\u010dne in organizacijske ukrepe za zavarovanje va\u0161ih osebnih podatkov in njihovo za\u0161\u010dito pred nepoobla\u0161\u010deno ali nezakonito uporabo ali obdelavo ter proti naklju\u010dni izgubi ali uni\u010denju ali po\u0161kodovanju va\u0161ih osebnih podatkov. Za varnost va\u0161ih osebnih podatkov lahko veliko storite tudi sami, tako da na primer uporabljate le za\u0161\u010ditene brez\u017ei\u010dne povezave, redno posodabljate programsko opremo in protivirusno za\u0161\u010dito, oblikujete u\u010dinkovita oz. varna dostopna gesla (najmanj 8 znakov, jih redno spreminjate in ne delite z nikomur) in upo\u0161tevate nasvete za varno rabo interneta.<\/p>\n\n\n\n<h2 class=\"wp-block-heading\"><strong>7. AVTOMATIZIRANO ODLO\u010cANJE<\/strong><\/h2>\n\n\n\n<p>Va\u0161ih osebnih podatkov ne uporabljamo za avtomatizirano strojno odlo\u010danje, kot je to mi\u0161ljeno v \u010dlenu \u00a022 (1) GDPR.<\/p>\n\n\n\n<h2 class=\"wp-block-heading\"><strong>8. KON\u010cNE DOLO\u010cBE<\/strong><\/h2>\n\n\n\n<p>Pridr\u017eujemo si pravico, da to Politiko o zasebnosti kadarkoli spremenimo.<\/p>\n\n\n\n<p>V primeru spremembe bomo prenovljeno Politiko o zasebnosti objavili na spletni strani <a href=\"https:\/\/www.diamant.gg\/sl\/\">https:\/\/www.diamant.gg\/sl\/<\/a>. Za informacije o tem, kdaj je bila objavljena zadnja razli\u010dica, prosimo, preverite datum objave na vrhu tega dokumenta.<\/p>\n\n\n\n<p>DIAMANT ESPORTS d. o. o.<strong><\/strong><\/p>","protected":false},"excerpt":{"rendered":"<p>(Razli\u010dica 1.0; 1.1.2025) DIAMANT ESPORTS d. o. o. se zaveda pomena varstva zasebnosti posameznikov, uporabnikov spletne strani https:\/\/www.diamant.gg\/sl\/. Obdelava podatkov poteka na podlagi sprejetih Splo\u0161nih pogojev poslovanja DIAMANT ESPORTS (v nadaljevanju: Splo\u0161ni pogoji) ter te Politike o zasebnosti. Pri uporabi na\u0161e spletne strani si prizadevamo, da se po\u010dutite prijetno in varno, ter da na\u0161e ukrepe za varovanje podatkov prepoznate kot odgovorne. Zagotavljamo, da smo zaupanja vreden upravljavec osebnih podatkov, ki se zaveda pomembnosti varovanja zasebnosti. Varnost va\u0161ih podatkov pred morebitnimi kr\u0161itvami zagotavljamo tudi z ustreznim razvojem in uporabo naprednih informacijskih tehnologij. Ta Politika o zasebnosti je pripravljena v skladu z\u2026<\/p>","protected":false},"author":1,"featured_media":0,"parent":0,"menu_order":0,"comment_status":"closed","ping_status":"open","template":"","meta":{"_seopress_robots_primary_cat":"","footnotes":""},"class_list":["post-3","page","type-page","status-publish","hentry"],"blocksy_meta":"","_links":{"self":[{"href":"https:\/\/www.diamant.gg\/sl\/wp-json\/wp\/v2\/pages\/3","targetHints":{"allow":["GET"]}}],"collection":[{"href":"https:\/\/www.diamant.gg\/sl\/wp-json\/wp\/v2\/pages"}],"about":[{"href":"https:\/\/www.diamant.gg\/sl\/wp-json\/wp\/v2\/types\/page"}],"author":[{"embeddable":true,"href":"https:\/\/www.diamant.gg\/sl\/wp-json\/wp\/v2\/users\/1"}],"replies":[{"embeddable":true,"href":"https:\/\/www.diamant.gg\/sl\/wp-json\/wp\/v2\/comments?post=3"}],"version-history":[{"count":0,"href":"https:\/\/www.diamant.gg\/sl\/wp-json\/wp\/v2\/pages\/3\/revisions"}],"wp:attachment":[{"href":"https:\/\/www.diamant.gg\/sl\/wp-json\/wp\/v2\/media?parent=3"}],"curies":[{"name":"wp","href":"https:\/\/api.w.org\/{rel}","templated":true}]}}